{"id":11,"date":"2022-06-20T08:05:15","date_gmt":"2022-06-20T08:05:15","guid":{"rendered":"https:\/\/zurzibieter.ch\/?page_id=11"},"modified":"2025-10-02T14:04:51","modified_gmt":"2025-10-02T14:04:51","slug":"events","status":"publish","type":"page","link":"https:\/\/zurzibieter.ch\/?page_id=11","title":{"rendered":"Events"},"content":{"rendered":"\n<h2 class=\"wp-block-heading\">Veranstaltungen Zurzibieter Familienclub<\/h2>\n\n\n\n<p>Dienstag, 7. Oktober 2025 &#8211; <strong>Vollmond im Musital<\/strong><br>Der Zurzibieter Familienclub f\u00fchrt die Wanderung durchs Musital zur Grillstelle durch. Alle sorgen selber f\u00fcr ihr Grillgut. <a href=\"https:\/\/zurzibieter.ch\/wp-content\/uploads\/2025\/10\/2025-Vollmond-im-Musital.pdf\" target=\"_blank\" rel=\"noreferrer noopener\">Flyer<\/a><\/p>\n\n\n\n<p>Freitag, 17. Oktober 2025 &#8211; <strong>Vereins-GV<\/strong><br><\/p>\n\n\n\n<p>Was l\u00e4uft sonst noch in Rekingen? Besuchen Sie die Website des Dorfvereins <a href=\"https:\/\/rekinge-laebt.ch\" target=\"_blank\" rel=\"noreferrer noopener\">www.rekinge-laebt.ch<\/a><\/p>\n\n\n\n<p>An den Anl\u00e4ssen sind interessierte Familien jederzeit willkommen. F\u00fcr Nichtmitglieder gelten grunds\u00e4tzlich h\u00f6here Kostenbeteiligungen.<\/p>\n\n\n\n<figure class=\"wp-block-image size-full\"><img loading=\"lazy\" decoding=\"async\" width=\"305\" height=\"230\" src=\"https:\/\/zurzibieter.ch\/wp-content\/uploads\/2022\/06\/christbaumrec.jpg\" alt=\"\" class=\"wp-image-66\" srcset=\"https:\/\/zurzibieter.ch\/wp-content\/uploads\/2022\/06\/christbaumrec.jpg 305w, https:\/\/zurzibieter.ch\/wp-content\/uploads\/2022\/06\/christbaumrec-300x226.jpg 300w\" sizes=\"auto, (max-width: 305px) 100vw, 305px\" \/><\/figure>\n\n\n\n<p>M\u00f6chten Sie ein Event in der Region organisieren, k\u00f6nnen Sie den Familienclub um einen&nbsp;<strong>finanziellen Beitrag<\/strong>&nbsp;anfragen. Hier das&nbsp;<a href=\"https:\/\/zurzibieter.ch\/wp-content\/uploads\/2022\/06\/Reglement_2017_11_11.pdf\" target=\"_blank\" rel=\"noreferrer noopener\">Reglement<\/a>.<\/p>\n\n\n\n<figure class=\"wp-block-image size-full\"><img loading=\"lazy\" decoding=\"async\" width=\"314\" height=\"235\" src=\"https:\/\/zurzibieter.ch\/wp-content\/uploads\/2022\/06\/bowling-k.jpg\" alt=\"\" class=\"wp-image-64\" srcset=\"https:\/\/zurzibieter.ch\/wp-content\/uploads\/2022\/06\/bowling-k.jpg 314w, https:\/\/zurzibieter.ch\/wp-content\/uploads\/2022\/06\/bowling-k-300x225.jpg 300w\" sizes=\"auto, (max-width: 314px) 100vw, 314px\" \/><\/figure>\n\n\n\n<p>Es gibt im Jahresprogramm jederzeit Raum f\u00fcr spontane Ideen wie Zoobesuch, Br\u00e4teln im Wald, Minigolf spielen, Baden im Rhein, Schlauchbootfahrt, Schlittelausflug und so weiter. Einfach ein Rundmail an die Mitglieder machen und \u00fcber das Vorhaben informieren.<\/p>\n\n\n\n<figure class=\"wp-block-image size-full\"><img loading=\"lazy\" decoding=\"async\" width=\"310\" height=\"222\" src=\"https:\/\/zurzibieter.ch\/wp-content\/uploads\/2022\/06\/chlaus.jpg\" alt=\"\" class=\"wp-image-65\" srcset=\"https:\/\/zurzibieter.ch\/wp-content\/uploads\/2022\/06\/chlaus.jpg 310w, https:\/\/zurzibieter.ch\/wp-content\/uploads\/2022\/06\/chlaus-300x215.jpg 300w\" sizes=\"auto, (max-width: 310px) 100vw, 310px\" \/><\/figure>\n","protected":false},"excerpt":{"rendered":"<p>Veranstaltungen Zurzibieter Familienclub Dienstag, 7. Oktober 2025 &#8211; Vollmond im MusitalDer Zurzibieter Familienclub f\u00fchrt die Wanderung durchs Musital zur Grillstelle[&#8230;]<\/p>\n","protected":false},"author":1,"featured_media":0,"parent":0,"menu_order":0,"comment_status":"closed","ping_status":"closed","template":"","meta":{"footnotes":""},"class_list":["post-11","page","type-page","status-publish","hentry"],"_links":{"self":[{"href":"https:\/\/zurzibieter.ch\/index.php?rest_route=\/wp\/v2\/pages\/11","targetHints":{"allow":["GET"]}}],"collection":[{"href":"https:\/\/zurzibieter.ch\/index.php?rest_route=\/wp\/v2\/pages"}],"about":[{"href":"https:\/\/zurzibieter.ch\/index.php?rest_route=\/wp\/v2\/types\/page"}],"author":[{"embeddable":true,"href":"https:\/\/zurzibieter.ch\/index.php?rest_route=\/wp\/v2\/users\/1"}],"replies":[{"embeddable":true,"href":"https:\/\/zurzibieter.ch\/index.php?rest_route=%2Fwp%2Fv2%2Fcomments&post=11"}],"version-history":[{"count":21,"href":"https:\/\/zurzibieter.ch\/index.php?rest_route=\/wp\/v2\/pages\/11\/revisions"}],"predecessor-version":[{"id":138,"href":"https:\/\/zurzibieter.ch\/index.php?rest_route=\/wp\/v2\/pages\/11\/revisions\/138"}],"wp:attachment":[{"href":"https:\/\/zurzibieter.ch\/index.php?rest_route=%2Fwp%2Fv2%2Fmedia&parent=11"}],"curies":[{"name":"wp","href":"https:\/\/api.w.org\/{rel}","templated":true}]}}